{"id":86,"date":"2019-08-10T21:45:16","date_gmt":"2019-08-10T21:45:16","guid":{"rendered":"https:\/\/chemica.fkgent.be\/wordpress\/?page_id=86"},"modified":"2024-09-15T23:24:25","modified_gmt":"2024-09-15T21:24:25","slug":"locaties","status":"publish","type":"page","link":"https:\/\/chemica.fkgent.be\/wordpress\/locaties\/","title":{"rendered":"Locaties"},"content":{"rendered":"<div data-colibri-id=\"86-c1\" class=\"style-218 style-local-86-c1 position-relative\">\n  <!---->\n  <div data-colibri-component=\"section\" data-colibri-id=\"86-c2\" id=\"initial-content\" class=\"h-section h-section-global-spacing d-flex align-items-lg-center align-items-md-center align-items-center style-219 style-local-86-c2 position-relative\">\n    <!---->\n    <!---->\n    <div class=\"h-section-grid-container h-section-boxed-container\">\n      <!---->\n      <div data-colibri-id=\"86-c3\" class=\"h-row-container gutters-row-lg-2 gutters-row-md-2 gutters-row-0 gutters-row-v-lg-2 gutters-row-v-md-2 gutters-row-v-2 style-220 style-local-86-c3 position-relative\">\n        <!---->\n        <div class=\"h-row justify-content-lg-center justify-content-md-center justify-content-center align-items-lg-stretch align-items-md-stretch align-items-stretch gutters-col-lg-2 gutters-col-md-2 gutters-col-0 gutters-col-v-lg-2 gutters-col-v-md-2 gutters-col-v-2\">\n          <!---->\n          <div class=\"h-column h-column-container d-flex h-col-lg-auto h-col-md-auto h-col-auto style-221-outer style-local-86-c4-outer\">\n            <div data-colibri-id=\"86-c4\" class=\"d-flex h-flex-basis h-column__inner h-px-lg-2 h-px-md-2 h-px-2 v-inner-lg-2 v-inner-md-2 v-inner-2 style-221 style-local-86-c4 position-relative\">\n              <!---->\n              <!---->\n              <div class=\"w-100 h-y-container h-column__content h-column__v-align flex-basis-100 align-self-lg-start align-self-md-start align-self-start\">\n                <!---->\n                <div data-colibri-id=\"86-c11\" class=\"h-x-container style-1065 style-local-86-c11 position-relative h-element\">\n                  <!---->\n                  <div class=\"h-x-container-inner style-dynamic-86-c11-group style-1065-spacing style-local-86-c11-spacing\"><span class=\"h-link__outer style-1066-outer style-local-86-c12-outer d-inline-flex h-element\"><a h-use-smooth-scroll=\"true\" href=\"https:\/\/maps.app.goo.gl\/4WoFVJxmmG4RwKUQ7\"  data-colibri-id=\"86-c12\" class=\"d-flex w-100 align-items-center h-link style-1066 style-local-86-c12 position-relative\"><!----><!----> <span>Het Chemicakot<\/span><\/a>\n                    <\/span>\n                  <\/div>\n                <\/div>\n                <div data-colibri-id=\"86-c10\" class=\"h-text h-text-component style-1064 style-local-86-c10 position-relative h-element\">\n                  <!---->\n                  <!---->\n                  <div class=\"\">\n                    <p><strong>Campus Sterre (S5)<\/strong><\/p>\n                    <p>Hier bevindt zich ons geliefde Chemicakot op de 3\n                      <sup>e<\/sup> verdieping . We verkopen er alle labo-benodigdheden en cursussen.<\/p>\n                  <\/div>\n                <\/div>\n                <div data-colibri-id=\"86-c22\" class=\"d-block style-1070 style-local-86-c22 position-relative h-element\">\n                  <!---->\n                  <div class=\"h-image__frame-container-outer\">\n                    <div class=\"h-image__frame-container\">\n                      <!---->\n                      <!---->\n                      <img decoding=\"async\" loading=\"lazy\" width=\"940\" height=\"562\" src=\"https:\/\/chemica.fkgent.be\/wordpress\/wp-content\/uploads\/2019\/08\/S5.jpg\" class=\"wp-image-87 style-1070-image style-local-86-c22-image\" srcset=\"https:\/\/chemica.fkgent.be\/wordpress\/wp-content\/uploads\/2019\/08\/S5.jpg 940w, https:\/\/chemica.fkgent.be\/wordpress\/wp-content\/uploads\/2019\/08\/S5-300x179.jpg 300w, https:\/\/chemica.fkgent.be\/wordpress\/wp-content\/uploads\/2019\/08\/S5-768x459.jpg 768w\" sizes=\"(max-width: 940px) 100vw, 940px\" alt=\"\" \/>\n                      <div class=\"h-image__frame h-hide-lg h-hide-md h-hide-sm style-1070-frameImage style-local-86-c22-frameImage\"><\/div>\n                    <\/div>\n                  <\/div>\n                <\/div>\n              <\/div>\n            <\/div>\n          <\/div>\n          <div class=\"h-column h-column-container d-flex h-col-lg-auto h-col-md-auto h-col-auto style-1075-outer style-local-86-c23-outer\">\n            <div data-colibri-id=\"86-c23\" class=\"d-flex h-flex-basis h-column__inner h-px-lg-2 h-px-md-2 h-px-2 v-inner-lg-2 v-inner-md-2 v-inner-2 style-1075 style-local-86-c23 position-relative\">\n              <!---->\n              <!---->\n              <div class=\"w-100 h-y-container h-column__content h-column__v-align flex-basis-100 align-self-lg-start align-self-md-start align-self-start\">\n                <!---->\n                <div data-colibri-id=\"86-c25\" class=\"h-x-container style-1077 style-local-86-c25 position-relative h-element\">\n                  <!---->\n                  <div class=\"h-x-container-inner style-dynamic-86-c25-group style-1077-spacing style-local-86-c25-spacing\"><span class=\"h-link__outer style-1078-outer style-local-86-c26-outer d-inline-flex h-element\"><a h-use-smooth-scroll=\"true\" href=\"https:\/\/maps.app.goo.gl\/P9XGgWrrPNtYncdDA\"  data-colibri-id=\"86-c26\" class=\"d-flex w-100 align-items-center h-link style-1078 style-local-86-c26 position-relative\"><!----><!----> <span>Karaoke<\/span><\/a>\n                    <\/span>\n                  <\/div>\n                <\/div>\n                <div data-colibri-id=\"86-c29\" class=\"h-text h-text-component style-1081 style-local-86-c29 position-relative h-element\">\n                  <!---->\n                  <!---->\n                  <div class=\"\">\n                    <p>De cantuszaal bij uitstek, gelegen vlak naast de PoHo<\/p>\n                  <\/div>\n                <\/div>\n                <div data-colibri-id=\"86-c48\" class=\"d-block style-1095 style-local-86-c48 position-relative h-element\">\n                  <!---->\n                  <div class=\"h-image__frame-container-outer\">\n                    <div class=\"h-image__frame-container\">\n                      <!---->\n                      <!---->\n                      <img decoding=\"async\" loading=\"lazy\" width=\"690\" height=\"609\" src=\"https:\/\/chemica.fkgent.be\/wordpress\/wp-content\/uploads\/2024\/09\/Schermafbeelding-2024-09-15-225805.png\" class=\"wp-image-4603 style-1095-image style-local-86-c48-image\" srcset=\"https:\/\/chemica.fkgent.be\/wordpress\/wp-content\/uploads\/2024\/09\/Schermafbeelding-2024-09-15-225805.png 690w, https:\/\/chemica.fkgent.be\/wordpress\/wp-content\/uploads\/2024\/09\/Schermafbeelding-2024-09-15-225805-300x265.png 300w\" sizes=\"(max-width: 690px) 100vw, 690px\" alt=\"\" \/>\n                      <div class=\"h-image__frame h-hide-lg h-hide-md h-hide-sm style-1095-frameImage style-local-86-c48-frameImage\"><\/div>\n                    <\/div>\n                  <\/div>\n                <\/div>\n              <\/div>\n            <\/div>\n          <\/div>\n        <\/div>\n      <\/div>\n      <div data-colibri-id=\"86-c57\" class=\"h-row-container gutters-row-lg-2 gutters-row-md-2 gutters-row-0 gutters-row-v-lg-2 gutters-row-v-md-2 gutters-row-v-2 style-1104 style-local-86-c57 position-relative\">\n        <!---->\n        <div class=\"h-row justify-content-lg-center justify-content-md-center justify-content-center align-items-lg-stretch align-items-md-stretch align-items-stretch gutters-col-lg-2 gutters-col-md-2 gutters-col-0 gutters-col-v-lg-2 gutters-col-v-md-2 gutters-col-v-2\">\n          <!---->\n          <div class=\"h-column h-column-container d-flex h-col-lg-auto h-col-md-auto h-col-auto style-1105-outer style-local-86-c58-outer\">\n            <div data-colibri-id=\"86-c58\" class=\"d-flex h-flex-basis h-column__inner h-px-lg-2 h-px-md-2 h-px-2 v-inner-lg-2 v-inner-md-2 v-inner-2 style-1105 style-local-86-c58 position-relative\">\n              <!---->\n              <!---->\n              <div class=\"w-100 h-y-container h-column__content h-column__v-align flex-basis-100 align-self-lg-start align-self-md-start align-self-start\">\n                <!---->\n                <div data-colibri-id=\"86-c59\" class=\"h-text h-text-component style-1106 style-local-86-c59 position-relative h-element\">\n                  <!---->\n                  <!---->\n                  <div class=\"\">\n                    <p>Stamcaf\u00e9s<\/p>\n                  <\/div>\n                <\/div>\n              <\/div>\n            <\/div>\n          <\/div>\n        <\/div>\n      <\/div>\n      <div data-colibri-id=\"86-c49\" class=\"h-row-container gutters-row-lg-2 gutters-row-md-2 gutters-row-0 gutters-row-v-lg-2 gutters-row-v-md-2 gutters-row-v-2 style-1096 style-local-86-c49 position-relative\">\n        <!---->\n        <div class=\"h-row justify-content-lg-center justify-content-md-center justify-content-center align-items-lg-stretch align-items-md-stretch align-items-stretch gutters-col-lg-2 gutters-col-md-2 gutters-col-0 gutters-col-v-lg-2 gutters-col-v-md-2 gutters-col-v-2\">\n          <!---->\n          <div class=\"h-column h-column-container d-flex h-col-lg-auto h-col-md-auto h-col-auto style-1097-outer style-local-86-c50-outer\">\n            <div data-colibri-id=\"86-c50\" class=\"d-flex h-flex-basis h-column__inner h-px-lg-2 h-px-md-2 h-px-2 v-inner-lg-2 v-inner-md-2 v-inner-2 style-1097 style-local-86-c50 position-relative\">\n              <!---->\n              <!---->\n              <div class=\"w-100 h-y-container h-column__content h-column__v-align flex-basis-100 align-self-lg-start align-self-md-start align-self-start\">\n                <!---->\n                <div data-colibri-id=\"86-c52\" class=\"h-x-container style-1099 style-local-86-c52 position-relative h-element\">\n                  <!---->\n                  <div class=\"h-x-container-inner style-dynamic-86-c52-group style-1099-spacing style-local-86-c52-spacing\"><span class=\"h-link__outer style-1100-outer style-local-86-c53-outer d-inline-flex h-element\"><a h-use-smooth-scroll=\"true\" href=\"https:\/\/maps.app.goo.gl\/Bof7peTJZhDs5SDF9\"  data-colibri-id=\"86-c53\" class=\"d-flex w-100 align-items-center h-link style-1100 style-local-86-c53 position-relative\"><!----><!----> <span>The Porter House of &#8220;De Porter&#8221; of &#8220;PoHo&#8221;<\/span><\/a>\n                    <\/span>\n                  <\/div>\n                <\/div>\n                <div data-colibri-id=\"86-c60\" class=\"h-text h-text-component style-1107 style-local-86-c60 position-relative h-element\">\n                  <!---->\n                  <!---->\n                  <div class=\"\">\n                    <p>The Porter House is ons clubcaf\u00e9 en \u00e9\u00e9n van de gezelligste caf\u00e9s van de Overpoort. Tijdens het academiejaar vinden hier vele leuke feestjes plaats waaronder een Cocktailavond en een Jeneveravond. Met andere woorden, als actief Chemica-lid\n                      zal je hier zeker meerdere uren doorbrengen.<\/p>\n                  <\/div>\n                <\/div>\n                <div data-colibri-id=\"86-c61\" class=\"d-block style-1108 style-local-86-c61 position-relative h-element\">\n                  <!---->\n                  <div class=\"h-image__frame-container-outer\">\n                    <div class=\"h-image__frame-container\">\n                      <!---->\n                      <!---->\n                      <img decoding=\"async\" loading=\"lazy\" width=\"408\" height=\"544\" src=\"https:\/\/chemica.fkgent.be\/wordpress\/wp-content\/uploads\/2024\/09\/PoHO.jpg\" class=\"wp-image-4604 style-1108-image style-local-86-c61-image\" srcset=\"https:\/\/chemica.fkgent.be\/wordpress\/wp-content\/uploads\/2024\/09\/PoHO.jpg 408w, https:\/\/chemica.fkgent.be\/wordpress\/wp-content\/uploads\/2024\/09\/PoHO-225x300.jpg 225w\" sizes=\"(max-width: 408px) 100vw, 408px\" alt=\"\" \/>\n                      <div class=\"h-image__frame h-hide-lg h-hide-md h-hide-sm style-1108-frameImage style-local-86-c61-frameImage\"><\/div>\n                    <\/div>\n                  <\/div>\n                <\/div>\n              <\/div>\n            <\/div>\n          <\/div>\n          <div class=\"h-column h-column-container d-flex h-col-lg-auto h-col-md-auto h-col-auto style-1101-outer style-local-86-c54-outer\">\n            <div data-colibri-id=\"86-c54\" class=\"d-flex h-flex-basis h-column__inner h-px-lg-2 h-px-md-2 h-px-2 v-inner-lg-2 v-inner-md-2 v-inner-2 style-1101 style-local-86-c54 position-relative\">\n              <!---->\n              <!---->\n              <div class=\"w-100 h-y-container h-column__content h-column__v-align flex-basis-100 align-self-lg-start align-self-md-start align-self-start\">\n                <!---->\n                <div data-colibri-id=\"86-c55\" class=\"h-x-container style-1102 style-local-86-c55 position-relative h-element\">\n                  <!---->\n                  <div class=\"h-x-container-inner style-dynamic-86-c55-group style-1102-spacing style-local-86-c55-spacing\"><span class=\"h-link__outer style-1103-outer style-local-86-c56-outer d-inline-flex h-element\"><a h-use-smooth-scroll=\"true\" href=\"https:\/\/maps.app.goo.gl\/bJwGs5oQFrZcPV2N7\"  data-colibri-id=\"86-c56\" class=\"d-flex w-100 align-items-center h-link style-1103 style-local-86-c56 position-relative\"><!----><!----> <span>De Vrolijke Viking <\/span><\/a>\n                    <\/span>\n                  <\/div>\n                <\/div>\n                <div data-colibri-id=\"86-c62\" class=\"h-text h-text-component style-1109 style-local-86-c62 position-relative h-element\">\n                  <!---->\n                  <!---->\n                  <div class=\"\">\n                    <p>Gezellig caf\u00e9 dat zich tussen station Gent-Sint-Pieters en Campus Sterre bevindt.<\/p>\n                  <\/div>\n                <\/div>\n                <div data-colibri-id=\"86-c63\" class=\"d-block style-1110 style-local-86-c63 position-relative h-element\">\n                  <!---->\n                  <div class=\"h-image__frame-container-outer\">\n                    <div class=\"h-image__frame-container\">\n                      <!---->\n                      <!---->\n                      <img decoding=\"async\" loading=\"lazy\" width=\"940\" height=\"562\" src=\"https:\/\/chemica.fkgent.be\/wordpress\/wp-content\/uploads\/2024\/09\/De-Vrolijke-Viking.png\" class=\"wp-image-4605 style-1110-image style-local-86-c63-image\" srcset=\"https:\/\/chemica.fkgent.be\/wordpress\/wp-content\/uploads\/2024\/09\/De-Vrolijke-Viking.png 940w, https:\/\/chemica.fkgent.be\/wordpress\/wp-content\/uploads\/2024\/09\/De-Vrolijke-Viking-300x179.png 300w, https:\/\/chemica.fkgent.be\/wordpress\/wp-content\/uploads\/2024\/09\/De-Vrolijke-Viking-768x459.png 768w\" sizes=\"(max-width: 940px) 100vw, 940px\" alt=\"\" \/>\n                      <div class=\"h-image__frame h-hide-lg h-hide-md h-hide-sm style-1110-frameImage style-local-86-c63-frameImage\"><\/div>\n                    <\/div>\n                  <\/div>\n                <\/div>\n              <\/div>\n            <\/div>\n          <\/div>\n        <\/div>\n      <\/div>\n      <div data-colibri-id=\"86-c64\" class=\"h-row-container gutters-row-lg-2 gutters-row-md-2 gutters-row-0 gutters-row-v-lg-2 gutters-row-v-md-2 gutters-row-v-2 style-1111 style-local-86-c64 position-relative\">\n        <!---->\n        <div class=\"h-row justify-content-lg-center justify-content-md-center justify-content-center align-items-lg-stretch align-items-md-stretch align-items-stretch gutters-col-lg-2 gutters-col-md-2 gutters-col-0 gutters-col-v-lg-2 gutters-col-v-md-2 gutters-col-v-2\">\n          <!---->\n          <div class=\"h-column h-column-container d-flex h-col-lg-auto h-col-md-auto h-col-auto style-1112-outer style-local-86-c65-outer\">\n            <div data-colibri-id=\"86-c65\" class=\"d-flex h-flex-basis h-column__inner h-px-lg-2 h-px-md-2 h-px-2 v-inner-lg-2 v-inner-md-2 v-inner-2 style-1112 style-local-86-c65 position-relative\">\n              <!---->\n              <!---->\n              <div class=\"w-100 h-y-container h-column__content h-column__v-align flex-basis-100 align-self-lg-start align-self-md-start align-self-start\">\n                <!---->\n                <div data-colibri-id=\"86-c66\" class=\"d-block style-1062 style-local-86-c66 position-relative h-element\">\n                  <!---->\n                  <div class=\"h-image__frame-container-outer\">\n                    <a href=\"https:\/\/maps.app.goo.gl\/gSnEwHvJzs4xCCET6\" h-use-smooth-scroll=\"true\" class=\"image-link\">\n                      <div class=\"h-image__frame-container\">\n                        <!---->\n                        <!---->\n                        <img decoding=\"async\" loading=\"lazy\" width=\"688\" height=\"686\" src=\"https:\/\/chemica.fkgent.be\/wordpress\/wp-content\/uploads\/2024\/09\/cropped-Schermafbeelding-2024-09-15-223457.png\" class=\"wp-image-4602 style-1062-image style-local-86-c66-image\" srcset=\"https:\/\/chemica.fkgent.be\/wordpress\/wp-content\/uploads\/2024\/09\/cropped-Schermafbeelding-2024-09-15-223457.png 688w, https:\/\/chemica.fkgent.be\/wordpress\/wp-content\/uploads\/2024\/09\/cropped-Schermafbeelding-2024-09-15-223457-300x300.png 300w, https:\/\/chemica.fkgent.be\/wordpress\/wp-content\/uploads\/2024\/09\/cropped-Schermafbeelding-2024-09-15-223457-150x150.png 150w\" sizes=\"(max-width: 688px) 100vw, 688px\" alt=\"\" \/>\n                        <div class=\"h-image__frame h-hide-lg h-hide-md h-hide-sm style-1062-frameImage style-local-86-c66-frameImage\"><\/div>\n                      <\/div>\n                    <\/a>\n                  <\/div>\n                <\/div>\n              <\/div>\n            <\/div>\n          <\/div>\n        <\/div>\n      <\/div>\n    <\/div>\n  <\/div>\n<\/div>","protected":false},"excerpt":{"rendered":"<p>Het Chemicakot Campus Sterre (S5) Hier bevindt zich ons geliefde Chemicakot op de 3 e verdieping . We verkopen er alle labo-benodigdheden en cursussen. Karaoke De cantuszaal bij uitstek, gelegen vlak naast de PoHo Stamcaf\u00e9s The Porter House of &#8220;De Porter&#8221; of &#8220;PoHo&#8221; The Porter House is ons clubcaf\u00e9 en \u00e9\u00e9n van de gezelligste caf\u00e9s [&hellip;]<\/p>\n","protected":false},"author":1,"featured_media":0,"parent":0,"menu_order":0,"comment_status":"closed","ping_status":"closed","template":"page-templates\/full-width-page.php","meta":[],"yoast_head":"<!-- This site is optimized with the Yoast SEO plugin v20.5 - https:\/\/yoast.com\/wordpress\/plugins\/seo\/ -->\n<title>Locaties - Chemica Gent<\/title>\n<meta name=\"robots\" content=\"index, follow, max-snippet:-1, max-image-preview:large, max-video-preview:-1\" \/>\n<link rel=\"canonical\" href=\"https:\/\/chemica.fkgent.be\/wordpress\/locaties\/\" \/>\n<meta property=\"og:locale\" content=\"en_US\" \/>\n<meta property=\"og:type\" content=\"article\" \/>\n<meta property=\"og:title\" content=\"Locaties - Chemica Gent\" \/>\n<meta property=\"og:description\" content=\"Het Chemicakot Campus Sterre (S5) Hier bevindt zich ons geliefde Chemicakot op de 3 e verdieping . We verkopen er alle labo-benodigdheden en cursussen. Karaoke De cantuszaal bij uitstek, gelegen vlak naast de PoHo Stamcaf\u00e9s The Porter House of &#8220;De Porter&#8221; of &#8220;PoHo&#8221; The Porter House is ons clubcaf\u00e9 en \u00e9\u00e9n van de gezelligste caf\u00e9s [&hellip;]\" \/>\n<meta property=\"og:url\" content=\"https:\/\/chemica.fkgent.be\/wordpress\/locaties\/\" \/>\n<meta property=\"og:site_name\" content=\"Chemica Gent\" \/>\n<meta property=\"article:publisher\" content=\"https:\/\/www.facebook.com\/ChemicaGent\" \/>\n<meta property=\"article:modified_time\" content=\"2024-09-15T21:24:25+00:00\" \/>\n<meta property=\"og:image\" content=\"https:\/\/chemica.fkgent.be\/wordpress\/wp-content\/uploads\/2019\/08\/S5.jpg\" \/>\n<meta name=\"twitter:card\" content=\"summary_large_image\" \/>\n<meta name=\"twitter:label1\" content=\"Est. reading time\" \/>\n\t<meta name=\"twitter:data1\" content=\"2 minutes\" \/>\n<script type=\"application\/ld+json\" class=\"yoast-schema-graph\">{\"@context\":\"https:\/\/schema.org\",\"@graph\":[{\"@type\":\"WebPage\",\"@id\":\"https:\/\/chemica.fkgent.be\/wordpress\/locaties\/\",\"url\":\"https:\/\/chemica.fkgent.be\/wordpress\/locaties\/\",\"name\":\"Locaties - Chemica Gent\",\"isPartOf\":{\"@id\":\"https:\/\/chemica.fkgent.be\/wordpress\/#website\"},\"datePublished\":\"2019-08-10T21:45:16+00:00\",\"dateModified\":\"2024-09-15T21:24:25+00:00\",\"breadcrumb\":{\"@id\":\"https:\/\/chemica.fkgent.be\/wordpress\/locaties\/#breadcrumb\"},\"inLanguage\":\"en-US\",\"potentialAction\":[{\"@type\":\"ReadAction\",\"target\":[\"https:\/\/chemica.fkgent.be\/wordpress\/locaties\/\"]}]},{\"@type\":\"BreadcrumbList\",\"@id\":\"https:\/\/chemica.fkgent.be\/wordpress\/locaties\/#breadcrumb\",\"itemListElement\":[{\"@type\":\"ListItem\",\"position\":1,\"name\":\"Home\",\"item\":\"https:\/\/chemica.fkgent.be\/wordpress\/\"},{\"@type\":\"ListItem\",\"position\":2,\"name\":\"Locaties\"}]},{\"@type\":\"WebSite\",\"@id\":\"https:\/\/chemica.fkgent.be\/wordpress\/#website\",\"url\":\"https:\/\/chemica.fkgent.be\/wordpress\/\",\"name\":\"Chemica Gent\",\"description\":\"De offici\u00eble site van Chemica Gent!\",\"publisher\":{\"@id\":\"https:\/\/chemica.fkgent.be\/wordpress\/#organization\"},\"potentialAction\":[{\"@type\":\"SearchAction\",\"target\":{\"@type\":\"EntryPoint\",\"urlTemplate\":\"https:\/\/chemica.fkgent.be\/wordpress\/?s={search_term_string}\"},\"query-input\":\"required name=search_term_string\"}],\"inLanguage\":\"en-US\"},{\"@type\":\"Organization\",\"@id\":\"https:\/\/chemica.fkgent.be\/wordpress\/#organization\",\"name\":\"Chemica Gent\",\"url\":\"https:\/\/chemica.fkgent.be\/wordpress\/\",\"logo\":{\"@type\":\"ImageObject\",\"inLanguage\":\"en-US\",\"@id\":\"https:\/\/chemica.fkgent.be\/wordpress\/#\/schema\/logo\/image\/\",\"url\":\"https:\/\/chemica.fkgent.be\/wordpress\/wp-content\/uploads\/2025\/10\/cropped-2-kleur.png\",\"contentUrl\":\"https:\/\/chemica.fkgent.be\/wordpress\/wp-content\/uploads\/2025\/10\/cropped-2-kleur.png\",\"width\":1563,\"height\":1563,\"caption\":\"Chemica Gent\"},\"image\":{\"@id\":\"https:\/\/chemica.fkgent.be\/wordpress\/#\/schema\/logo\/image\/\"},\"sameAs\":[\"https:\/\/www.facebook.com\/ChemicaGent\"]}]}<\/script>\n<!-- \/ Yoast SEO plugin. -->","yoast_head_json":{"title":"Locaties - Chemica Gent","robots":{"index":"index","follow":"follow","max-snippet":"max-snippet:-1","max-image-preview":"max-image-preview:large","max-video-preview":"max-video-preview:-1"},"canonical":"https:\/\/chemica.fkgent.be\/wordpress\/locaties\/","og_locale":"en_US","og_type":"article","og_title":"Locaties - Chemica Gent","og_description":"Het Chemicakot Campus Sterre (S5) Hier bevindt zich ons geliefde Chemicakot op de 3 e verdieping . We verkopen er alle labo-benodigdheden en cursussen. Karaoke De cantuszaal bij uitstek, gelegen vlak naast de PoHo Stamcaf\u00e9s The Porter House of &#8220;De Porter&#8221; of &#8220;PoHo&#8221; The Porter House is ons clubcaf\u00e9 en \u00e9\u00e9n van de gezelligste caf\u00e9s [&hellip;]","og_url":"https:\/\/chemica.fkgent.be\/wordpress\/locaties\/","og_site_name":"Chemica Gent","article_publisher":"https:\/\/www.facebook.com\/ChemicaGent","article_modified_time":"2024-09-15T21:24:25+00:00","og_image":[{"url":"https:\/\/chemica.fkgent.be\/wordpress\/wp-content\/uploads\/2019\/08\/S5.jpg"}],"twitter_card":"summary_large_image","twitter_misc":{"Est. reading time":"2 minutes"},"schema":{"@context":"https:\/\/schema.org","@graph":[{"@type":"WebPage","@id":"https:\/\/chemica.fkgent.be\/wordpress\/locaties\/","url":"https:\/\/chemica.fkgent.be\/wordpress\/locaties\/","name":"Locaties - Chemica Gent","isPartOf":{"@id":"https:\/\/chemica.fkgent.be\/wordpress\/#website"},"datePublished":"2019-08-10T21:45:16+00:00","dateModified":"2024-09-15T21:24:25+00:00","breadcrumb":{"@id":"https:\/\/chemica.fkgent.be\/wordpress\/locaties\/#breadcrumb"},"inLanguage":"en-US","potentialAction":[{"@type":"ReadAction","target":["https:\/\/chemica.fkgent.be\/wordpress\/locaties\/"]}]},{"@type":"BreadcrumbList","@id":"https:\/\/chemica.fkgent.be\/wordpress\/locaties\/#breadcrumb","itemListElement":[{"@type":"ListItem","position":1,"name":"Home","item":"https:\/\/chemica.fkgent.be\/wordpress\/"},{"@type":"ListItem","position":2,"name":"Locaties"}]},{"@type":"WebSite","@id":"https:\/\/chemica.fkgent.be\/wordpress\/#website","url":"https:\/\/chemica.fkgent.be\/wordpress\/","name":"Chemica Gent","description":"De offici\u00eble site van Chemica Gent!","publisher":{"@id":"https:\/\/chemica.fkgent.be\/wordpress\/#organization"},"potentialAction":[{"@type":"SearchAction","target":{"@type":"EntryPoint","urlTemplate":"https:\/\/chemica.fkgent.be\/wordpress\/?s={search_term_string}"},"query-input":"required name=search_term_string"}],"inLanguage":"en-US"},{"@type":"Organization","@id":"https:\/\/chemica.fkgent.be\/wordpress\/#organization","name":"Chemica Gent","url":"https:\/\/chemica.fkgent.be\/wordpress\/","logo":{"@type":"ImageObject","inLanguage":"en-US","@id":"https:\/\/chemica.fkgent.be\/wordpress\/#\/schema\/logo\/image\/","url":"https:\/\/chemica.fkgent.be\/wordpress\/wp-content\/uploads\/2025\/10\/cropped-2-kleur.png","contentUrl":"https:\/\/chemica.fkgent.be\/wordpress\/wp-content\/uploads\/2025\/10\/cropped-2-kleur.png","width":1563,"height":1563,"caption":"Chemica Gent"},"image":{"@id":"https:\/\/chemica.fkgent.be\/wordpress\/#\/schema\/logo\/image\/"},"sameAs":["https:\/\/www.facebook.com\/ChemicaGent"]}]}},"_links":{"self":[{"href":"https:\/\/chemica.fkgent.be\/wordpress\/wp-json\/wp\/v2\/pages\/86"}],"collection":[{"href":"https:\/\/chemica.fkgent.be\/wordpress\/wp-json\/wp\/v2\/pages"}],"about":[{"href":"https:\/\/chemica.fkgent.be\/wordpress\/wp-json\/wp\/v2\/types\/page"}],"author":[{"embeddable":true,"href":"https:\/\/chemica.fkgent.be\/wordpress\/wp-json\/wp\/v2\/users\/1"}],"replies":[{"embeddable":true,"href":"https:\/\/chemica.fkgent.be\/wordpress\/wp-json\/wp\/v2\/comments?post=86"}],"version-history":[{"count":20,"href":"https:\/\/chemica.fkgent.be\/wordpress\/wp-json\/wp\/v2\/pages\/86\/revisions"}],"predecessor-version":[{"id":4614,"href":"https:\/\/chemica.fkgent.be\/wordpress\/wp-json\/wp\/v2\/pages\/86\/revisions\/4614"}],"wp:attachment":[{"href":"https:\/\/chemica.fkgent.be\/wordpress\/wp-json\/wp\/v2\/media?parent=86"}],"curies":[{"name":"wp","href":"https:\/\/api.w.org\/{rel}","templated":true}]}}